{"id":110,"date":"2011-01-23T14:57:46","date_gmt":"2011-01-23T14:57:46","guid":{"rendered":"http:\/\/pkjl-brandenburg.de\/?page_id=110"},"modified":"2011-01-27T20:36:42","modified_gmt":"2011-01-27T20:36:42","slug":"uber-uns","status":"publish","type":"page","link":"https:\/\/pkjl-brandenburg.de\/?page_id=110","title":{"rendered":"\u00dcber uns"},"content":{"rendered":"<p>Die <strong>&#8222;Peter Kamrath\u00b4s Judo-Ligen&#8220; (PKJL<\/strong>) ist seit Dezember 2009 eine eigene Abteilung des Vereins PSG Dynamo Brandenburg Mitte e.V.<br \/>\nPeter Kamrath war eine der f\u00fchrenden Pers\u00f6nlichkeiten, Abteilungsleiter und langj\u00e4hriger Schatzmeister unserer PSG sowie Initiator der bis heute sehr erfolgreichen 1. Bundesliga Frauen und Regionalliga M\u00e4nner.<br \/>\nIn Gedenken an ihn tr\u00e4gt unsere Abteilung seinen Namen. <\/p>\n","protected":false},"excerpt":{"rendered":"<p>Die &#8222;Peter Kamrath\u00b4s Judo-Ligen&#8220; (PKJL) ist seit Dezember 2009 eine eigene Abteilung des Vereins PSG Dynamo Brandenburg Mitte e.V. Peter Kamrath war eine der f\u00fchrenden Pers\u00f6nlichkeiten, Abteilungsleiter und langj\u00e4hriger Schatzmeister unserer PSG sowie Initiator der bis heute sehr erfolgreichen 1. Bundesliga Frauen und Regionalliga M\u00e4nner. In Gedenken an ihn tr\u00e4gt unsere Abteilung seinen Namen.<\/p>\n","protected":false},"author":1,"featured_media":0,"parent":0,"menu_order":0,"comment_status":"closed","ping_status":"closed","template":"","meta":{"footnotes":""},"class_list":["post-110","page","type-page","status-publish","hentry"],"_links":{"self":[{"href":"https:\/\/pkjl-brandenburg.de\/index.php?rest_route=\/wp\/v2\/pages\/110","targetHints":{"allow":["GET"]}}],"collection":[{"href":"https:\/\/pkjl-brandenburg.de\/index.php?rest_route=\/wp\/v2\/pages"}],"about":[{"href":"https:\/\/pkjl-brandenburg.de\/index.php?rest_route=\/wp\/v2\/types\/page"}],"author":[{"embeddable":true,"href":"https:\/\/pkjl-brandenburg.de\/index.php?rest_route=\/wp\/v2\/users\/1"}],"replies":[{"embeddable":true,"href":"https:\/\/pkjl-brandenburg.de\/index.php?rest_route=%2Fwp%2Fv2%2Fcomments&post=110"}],"version-history":[{"count":12,"href":"https:\/\/pkjl-brandenburg.de\/index.php?rest_route=\/wp\/v2\/pages\/110\/revisions"}],"predecessor-version":[{"id":219,"href":"https:\/\/pkjl-brandenburg.de\/index.php?rest_route=\/wp\/v2\/pages\/110\/revisions\/219"}],"wp:attachment":[{"href":"https:\/\/pkjl-brandenburg.de\/index.php?rest_route=%2Fwp%2Fv2%2Fmedia&parent=110"}],"curies":[{"name":"wp","href":"https:\/\/api.w.org\/{rel}","templated":true}]}}